{"id":1693,"date":"2021-06-22T19:51:21","date_gmt":"2021-06-22T19:51:21","guid":{"rendered":"https:\/\/transformauj.com.br\/UJExperience\/?page_id=1693"},"modified":"2025-08-28T19:53:13","modified_gmt":"2025-08-28T19:53:13","slug":"teste-de-orientacao-de-carreira","status":"publish","type":"page","link":"https:\/\/transformauj.com.br\/escolas\/teste-de-orientacao-de-carreira\/","title":{"rendered":"Teste de Orienta\u00e7\u00e3o de Carreira"},"content":{"rendered":"\t\t<div data-elementor-type=\"wp-page\" data-elementor-id=\"1693\" class=\"elementor elementor-1693\" data-elementor-settings=\"[]\">\n\t\t\t\t\t\t<div class=\"elementor-inner\">\n\t\t\t\t\t\t\t<div class=\"elementor-section-wrap\">\n\t\t\t\t\t\t\t<section class=\"elementor-section elementor-top-section elementor-element elementor-element-29dc7d6 elementor-section-height-min-height elementor-section-full_width elementor-section-height-default elementor-section-items-middle\" data-id=\"29dc7d6\" data-element_type=\"section\" data-settings=\"{&quot;jet_parallax_layout_list&quot;:[{&quot;jet_parallax_layout_image&quot;:{&quot;url&quot;:&quot;&quot;,&quot;id&quot;:&quot;&quot;},&quot;_id&quot;:&quot;abdb292&quot;,&quot;jet_parallax_layout_image_tablet&quot;:{&quot;url&quot;:&quot;&quot;,&quot;id&quot;:&quot;&quot;},&quot;jet_parallax_layout_image_mobile&quot;:{&quot;url&quot;:&quot;&quot;,&quot;id&quot;:&quot;&quot;},&quot;jet_parallax_layout_speed&quot;:{&quot;unit&quot;:&quot;%&quot;,&quot;size&quot;:50,&quot;sizes&quot;:[]},&quot;jet_parallax_layout_type&quot;:&quot;scroll&quot;,&quot;jet_parallax_layout_direction&quot;:null,&quot;jet_parallax_layout_fx_direction&quot;:null,&quot;jet_parallax_layout_z_index&quot;:&quot;&quot;,&quot;jet_parallax_layout_bg_x&quot;:50,&quot;jet_parallax_layout_bg_x_tablet&quot;:&quot;&quot;,&quot;jet_parallax_layout_bg_x_mobile&quot;:&quot;&quot;,&quot;jet_parallax_layout_bg_y&quot;:50,&quot;jet_parallax_layout_bg_y_tablet&quot;:&quot;&quot;,&quot;jet_parallax_layout_bg_y_mobile&quot;:&quot;&quot;,&quot;jet_parallax_layout_bg_size&quot;:&quot;auto&quot;,&quot;jet_parallax_layout_bg_size_tablet&quot;:&quot;&quot;,&quot;jet_parallax_layout_bg_size_mobile&quot;:&quot;&quot;,&quot;jet_parallax_layout_animation_prop&quot;:&quot;transform&quot;,&quot;jet_parallax_layout_on&quot;:[&quot;desktop&quot;,&quot;tablet&quot;]}],&quot;background_background&quot;:&quot;classic&quot;,&quot;_ha_eqh_enable&quot;:false}\">\n\t\t\t\t\t\t<div class=\"elementor-container elementor-column-gap-no\">\n\t\t\t\t\t\t\t<div class=\"elementor-row\">\n\t\t\t\t\t<div class=\"elementor-column elementor-col-50 elementor-top-column elementor-element elementor-element-50f117a\" data-id=\"50f117a\" data-element_type=\"column\">\n\t\t\t<div class=\"elementor-column-wrap elementor-element-populated\">\n\t\t\t\t\t\t\t<div class=\"elementor-widget-wrap\">\n\t\t\t\t\t\t<div class=\"elementor-element elementor-element-4d7b432 elementor-widget elementor-widget-heading\" data-id=\"4d7b432\" data-element_type=\"widget\" data-widget_type=\"heading.default\">\n\t\t\t\t<div class=\"elementor-widget-container\">\n\t\t\t<h1 class=\"elementor-heading-title elementor-size-default\">Teste da orienta\u00e7\u00e3o de carreira<\/h1>\t\t<\/div>\n\t\t\t\t<\/div>\n\t\t\t\t\t\t<\/div>\n\t\t\t\t\t<\/div>\n\t\t<\/div>\n\t\t\t\t<div class=\"elementor-column elementor-col-50 elementor-top-column elementor-element elementor-element-0c4179e\" data-id=\"0c4179e\" data-element_type=\"column\">\n\t\t\t<div class=\"elementor-column-wrap elementor-element-populated\">\n\t\t\t\t\t\t\t<div class=\"elementor-widget-wrap\">\n\t\t\t\t\t\t<div class=\"elementor-element elementor-element-88017b4 elementor-align-right elementor-mobile-align-left elementor-widget elementor-widget-button\" data-id=\"88017b4\" data-element_type=\"widget\" data-widget_type=\"button.default\">\n\t\t\t\t<div class=\"elementor-widget-container\">\n\t\t\t\t\t<div class=\"elementor-button-wrapper\">\n\t\t\t<a href=\"https:\/\/transformauj.com.br\/escolas\/testes\/\" class=\"elementor-button-link elementor-button elementor-size-sm\" role=\"button\">\n\t\t\t\t\t\t<span class=\"elementor-button-content-wrapper\">\n\t\t\t\t\t\t<span class=\"elementor-button-icon elementor-align-icon-left\">\n\t\t\t\t<i aria-hidden=\"true\" class=\"fas fa-angle-left\"><\/i>\t\t\t<\/span>\n\t\t\t\t\t\t<span class=\"elementor-button-text\">Voltar<\/span>\n\t\t<\/span>\n\t\t\t\t\t<\/a>\n\t\t<\/div>\n\t\t\t\t<\/div>\n\t\t\t\t<\/div>\n\t\t\t\t\t\t<\/div>\n\t\t\t\t\t<\/div>\n\t\t<\/div>\n\t\t\t\t\t\t\t\t<\/div>\n\t\t\t\t\t<\/div>\n\t\t<\/section>\n\t\t\t\t<section class=\"elementor-section elementor-top-section elementor-element elementor-element-26814fc elementor-section-boxed elementor-section-height-default elementor-section-height-default\" data-id=\"26814fc\" data-element_type=\"section\" data-settings=\"{&quot;jet_parallax_layout_list&quot;:[{&quot;jet_parallax_layout_image&quot;:{&quot;url&quot;:&quot;&quot;,&quot;id&quot;:&quot;&quot;},&quot;_id&quot;:&quot;10641db&quot;,&quot;jet_parallax_layout_image_tablet&quot;:{&quot;url&quot;:&quot;&quot;,&quot;id&quot;:&quot;&quot;},&quot;jet_parallax_layout_image_mobile&quot;:{&quot;url&quot;:&quot;&quot;,&quot;id&quot;:&quot;&quot;},&quot;jet_parallax_layout_speed&quot;:{&quot;unit&quot;:&quot;%&quot;,&quot;size&quot;:50,&quot;sizes&quot;:[]},&quot;jet_parallax_layout_type&quot;:&quot;scroll&quot;,&quot;jet_parallax_layout_direction&quot;:null,&quot;jet_parallax_layout_fx_direction&quot;:null,&quot;jet_parallax_layout_z_index&quot;:&quot;&quot;,&quot;jet_parallax_layout_bg_x&quot;:50,&quot;jet_parallax_layout_bg_x_tablet&quot;:&quot;&quot;,&quot;jet_parallax_layout_bg_x_mobile&quot;:&quot;&quot;,&quot;jet_parallax_layout_bg_y&quot;:50,&quot;jet_parallax_layout_bg_y_tablet&quot;:&quot;&quot;,&quot;jet_parallax_layout_bg_y_mobile&quot;:&quot;&quot;,&quot;jet_parallax_layout_bg_size&quot;:&quot;auto&quot;,&quot;jet_parallax_layout_bg_size_tablet&quot;:&quot;&quot;,&quot;jet_parallax_layout_bg_size_mobile&quot;:&quot;&quot;,&quot;jet_parallax_layout_animation_prop&quot;:&quot;transform&quot;,&quot;jet_parallax_layout_on&quot;:[&quot;desktop&quot;,&quot;tablet&quot;]}],&quot;_ha_eqh_enable&quot;:false}\">\n\t\t\t\t\t\t<div class=\"elementor-container elementor-column-gap-default\">\n\t\t\t\t\t\t\t<div class=\"elementor-row\">\n\t\t\t\t\t<div class=\"elementor-column elementor-col-100 elementor-top-column elementor-element elementor-element-cc220ff\" data-id=\"cc220ff\" data-element_type=\"column\">\n\t\t\t<div class=\"elementor-column-wrap elementor-element-populated\">\n\t\t\t\t\t\t\t<div class=\"elementor-widget-wrap\">\n\t\t\t\t\t\t<div class=\"elementor-element elementor-element-552519a elementor-widget elementor-widget-html\" data-id=\"552519a\" data-element_type=\"widget\" data-widget_type=\"html.default\">\n\t\t\t\t<div class=\"elementor-widget-container\">\n\t\t\t<div id=\"typeform-container\" style=\"width: 100%; height: 600px;\"><\/div>\r\n\r\n<script>\r\n  document.addEventListener(\"DOMContentLoaded\", function () {\r\n    const urlParams = new URLSearchParams(window.location.search);\r\n    const polo = urlParams.get(\"polo\") || \"default\"; \/\/ valor padr\u00e3o se n\u00e3o vier nada\r\n\r\n    \/\/ Cria o iframe do Typeform com o par\u00e2metro din\u00e2mico\r\n    const iframe = document.createElement(\"iframe\");\r\n    iframe.src = `https:\/\/vaiforrest.typeform.com\/to\/yE2tT9i3?polo=${polo}`;\r\n    iframe.style.width = \"100%\";\r\n    iframe.style.height = \"600px\";\r\n    iframe.style.border = \"none\";\r\n\r\n    document.getElementById(\"typeform-container\").appendChild(iframe);\r\n  });\r\n<\/script>\r\n\t\t<\/div>\n\t\t\t\t<\/div>\n\t\t\t\t\t\t<\/div>\n\t\t\t\t\t<\/div>\n\t\t<\/div>\n\t\t\t\t\t\t\t\t<\/div>\n\t\t\t\t\t<\/div>\n\t\t<\/section>\n\t\t\t\t\t\t<\/div>\n\t\t\t\t\t\t<\/div>\n\t\t\t\t\t<\/div>\n\t\t","protected":false},"excerpt":{"rendered":"<p>Teste da orienta\u00e7\u00e3o de carreira Voltar<\/p>\n","protected":false},"author":3,"featured_media":0,"parent":0,"menu_order":0,"comment_status":"closed","ping_status":"closed","template":"elementor_header_footer","meta":[],"acf":[],"yoast_head":"<!-- This site is optimized with the Yoast SEO plugin v17.9 - https:\/\/yoast.com\/wordpress\/plugins\/seo\/ -->\n<title>Teste de Orienta\u00e7\u00e3o de Carreira - High School - Unijorge<\/title>\n<meta name=\"robots\" content=\"index, follow, max-snippet:-1, max-image-preview:large, max-video-preview:-1\" \/>\n<link rel=\"canonical\" href=\"https:\/\/transformauj.com.br\/escolas\/teste-de-orientacao-de-carreira\/\" \/>\n<meta property=\"og:locale\" content=\"pt_BR\" \/>\n<meta property=\"og:type\" content=\"article\" \/>\n<meta property=\"og:title\" content=\"Teste de Orienta\u00e7\u00e3o de Carreira - High School - Unijorge\" \/>\n<meta property=\"og:description\" content=\"Teste da orienta\u00e7\u00e3o de carreira Voltar\" \/>\n<meta property=\"og:url\" content=\"https:\/\/transformauj.com.br\/escolas\/teste-de-orientacao-de-carreira\/\" \/>\n<meta property=\"og:site_name\" content=\"High School - Unijorge\" \/>\n<meta property=\"article:modified_time\" content=\"2025-08-28T19:53:13+00:00\" \/>\n<meta name=\"twitter:card\" content=\"summary_large_image\" \/>\n<meta name=\"twitter:label1\" content=\"Est. tempo de leitura\" \/>\n\t<meta name=\"twitter:data1\" content=\"1 minuto\" \/>\n<script type=\"application\/ld+json\" class=\"yoast-schema-graph\">{\"@context\":\"https:\/\/schema.org\",\"@graph\":[{\"@type\":\"WebSite\",\"@id\":\"https:\/\/transformauj.com.br\/escolas\/#website\",\"url\":\"https:\/\/transformauj.com.br\/escolas\/\",\"name\":\"High School - Unijorge\",\"description\":\"Unijorge\",\"potentialAction\":[{\"@type\":\"SearchAction\",\"target\":{\"@type\":\"EntryPoint\",\"urlTemplate\":\"https:\/\/transformauj.com.br\/escolas\/?s={search_term_string}\"},\"query-input\":\"required name=search_term_string\"}],\"inLanguage\":\"pt-BR\"},{\"@type\":\"WebPage\",\"@id\":\"https:\/\/transformauj.com.br\/escolas\/teste-de-orientacao-de-carreira\/#webpage\",\"url\":\"https:\/\/transformauj.com.br\/escolas\/teste-de-orientacao-de-carreira\/\",\"name\":\"Teste de Orienta\\u00e7\\u00e3o de Carreira - High School - Unijorge\",\"isPartOf\":{\"@id\":\"https:\/\/transformauj.com.br\/escolas\/#website\"},\"datePublished\":\"2021-06-22T19:51:21+00:00\",\"dateModified\":\"2025-08-28T19:53:13+00:00\",\"breadcrumb\":{\"@id\":\"https:\/\/transformauj.com.br\/escolas\/teste-de-orientacao-de-carreira\/#breadcrumb\"},\"inLanguage\":\"pt-BR\",\"potentialAction\":[{\"@type\":\"ReadAction\",\"target\":[\"https:\/\/transformauj.com.br\/escolas\/teste-de-orientacao-de-carreira\/\"]}]},{\"@type\":\"BreadcrumbList\",\"@id\":\"https:\/\/transformauj.com.br\/escolas\/teste-de-orientacao-de-carreira\/#breadcrumb\",\"itemListElement\":[{\"@type\":\"ListItem\",\"position\":1,\"name\":\"In\\u00edcio\",\"item\":\"https:\/\/transformauj.com.br\/escolas\/\"},{\"@type\":\"ListItem\",\"position\":2,\"name\":\"Teste de Orienta\\u00e7\\u00e3o de Carreira\"}]}]}<\/script>\n<!-- \/ Yoast SEO plugin. -->","yoast_head_json":{"title":"Teste de Orienta\u00e7\u00e3o de Carreira - High School - Unijorge","robots":{"index":"index","follow":"follow","max-snippet":"max-snippet:-1","max-image-preview":"max-image-preview:large","max-video-preview":"max-video-preview:-1"},"canonical":"https:\/\/transformauj.com.br\/escolas\/teste-de-orientacao-de-carreira\/","og_locale":"pt_BR","og_type":"article","og_title":"Teste de Orienta\u00e7\u00e3o de Carreira - High School - Unijorge","og_description":"Teste da orienta\u00e7\u00e3o de carreira Voltar","og_url":"https:\/\/transformauj.com.br\/escolas\/teste-de-orientacao-de-carreira\/","og_site_name":"High School - Unijorge","article_modified_time":"2025-08-28T19:53:13+00:00","twitter_card":"summary_large_image","twitter_misc":{"Est. tempo de leitura":"1 minuto"},"schema":{"@context":"https:\/\/schema.org","@graph":[{"@type":"WebSite","@id":"https:\/\/transformauj.com.br\/escolas\/#website","url":"https:\/\/transformauj.com.br\/escolas\/","name":"High School - Unijorge","description":"Unijorge","potentialAction":[{"@type":"SearchAction","target":{"@type":"EntryPoint","urlTemplate":"https:\/\/transformauj.com.br\/escolas\/?s={search_term_string}"},"query-input":"required name=search_term_string"}],"inLanguage":"pt-BR"},{"@type":"WebPage","@id":"https:\/\/transformauj.com.br\/escolas\/teste-de-orientacao-de-carreira\/#webpage","url":"https:\/\/transformauj.com.br\/escolas\/teste-de-orientacao-de-carreira\/","name":"Teste de Orienta\u00e7\u00e3o de Carreira - High School - Unijorge","isPartOf":{"@id":"https:\/\/transformauj.com.br\/escolas\/#website"},"datePublished":"2021-06-22T19:51:21+00:00","dateModified":"2025-08-28T19:53:13+00:00","breadcrumb":{"@id":"https:\/\/transformauj.com.br\/escolas\/teste-de-orientacao-de-carreira\/#breadcrumb"},"inLanguage":"pt-BR","potentialAction":[{"@type":"ReadAction","target":["https:\/\/transformauj.com.br\/escolas\/teste-de-orientacao-de-carreira\/"]}]},{"@type":"BreadcrumbList","@id":"https:\/\/transformauj.com.br\/escolas\/teste-de-orientacao-de-carreira\/#breadcrumb","itemListElement":[{"@type":"ListItem","position":1,"name":"In\u00edcio","item":"https:\/\/transformauj.com.br\/escolas\/"},{"@type":"ListItem","position":2,"name":"Teste de Orienta\u00e7\u00e3o de Carreira"}]}]}},"_links":{"self":[{"href":"https:\/\/transformauj.com.br\/escolas\/wp-json\/wp\/v2\/pages\/1693"}],"collection":[{"href":"https:\/\/transformauj.com.br\/escolas\/wp-json\/wp\/v2\/pages"}],"about":[{"href":"https:\/\/transformauj.com.br\/escolas\/wp-json\/wp\/v2\/types\/page"}],"author":[{"embeddable":true,"href":"https:\/\/transformauj.com.br\/escolas\/wp-json\/wp\/v2\/users\/3"}],"replies":[{"embeddable":true,"href":"https:\/\/transformauj.com.br\/escolas\/wp-json\/wp\/v2\/comments?post=1693"}],"version-history":[{"count":23,"href":"https:\/\/transformauj.com.br\/escolas\/wp-json\/wp\/v2\/pages\/1693\/revisions"}],"predecessor-version":[{"id":2644,"href":"https:\/\/transformauj.com.br\/escolas\/wp-json\/wp\/v2\/pages\/1693\/revisions\/2644"}],"wp:attachment":[{"href":"https:\/\/transformauj.com.br\/escolas\/wp-json\/wp\/v2\/media?parent=1693"}],"curies":[{"name":"wp","href":"https:\/\/api.w.org\/{rel}","templated":true}]}}