{"id":1273,"date":"2020-11-06T14:13:09","date_gmt":"2020-11-06T14:13:09","guid":{"rendered":"http:\/\/transformauj.com.br\/UJExperience\/?page_id=1273"},"modified":"2025-10-23T21:03:10","modified_gmt":"2025-10-23T21:03:10","slug":"testes","status":"publish","type":"page","link":"https:\/\/transformauj.com.br\/escolas\/testes\/","title":{"rendered":"Testes UJ Experience"},"content":{"rendered":"\t\t<div data-elementor-type=\"wp-page\" data-elementor-id=\"1273\" class=\"elementor elementor-1273\" data-elementor-settings=\"[]\">\n\t\t\t\t\t\t<div class=\"elementor-inner\">\n\t\t\t\t\t\t\t<div class=\"elementor-section-wrap\">\n\t\t\t\t\t\t\t<section class=\"elementor-section elementor-top-section elementor-element elementor-element-29dc7d6 elementor-section-height-min-height elementor-section-full_width elementor-section-height-default elementor-section-items-middle\" data-id=\"29dc7d6\" data-element_type=\"section\" data-settings=\"{&quot;jet_parallax_layout_list&quot;:[{&quot;jet_parallax_layout_image&quot;:{&quot;url&quot;:&quot;&quot;,&quot;id&quot;:&quot;&quot;},&quot;_id&quot;:&quot;abdb292&quot;,&quot;jet_parallax_layout_image_tablet&quot;:{&quot;url&quot;:&quot;&quot;,&quot;id&quot;:&quot;&quot;},&quot;jet_parallax_layout_image_mobile&quot;:{&quot;url&quot;:&quot;&quot;,&quot;id&quot;:&quot;&quot;},&quot;jet_parallax_layout_speed&quot;:{&quot;unit&quot;:&quot;%&quot;,&quot;size&quot;:50,&quot;sizes&quot;:[]},&quot;jet_parallax_layout_type&quot;:&quot;scroll&quot;,&quot;jet_parallax_layout_direction&quot;:null,&quot;jet_parallax_layout_fx_direction&quot;:null,&quot;jet_parallax_layout_z_index&quot;:&quot;&quot;,&quot;jet_parallax_layout_bg_x&quot;:50,&quot;jet_parallax_layout_bg_x_tablet&quot;:&quot;&quot;,&quot;jet_parallax_layout_bg_x_mobile&quot;:&quot;&quot;,&quot;jet_parallax_layout_bg_y&quot;:50,&quot;jet_parallax_layout_bg_y_tablet&quot;:&quot;&quot;,&quot;jet_parallax_layout_bg_y_mobile&quot;:&quot;&quot;,&quot;jet_parallax_layout_bg_size&quot;:&quot;auto&quot;,&quot;jet_parallax_layout_bg_size_tablet&quot;:&quot;&quot;,&quot;jet_parallax_layout_bg_size_mobile&quot;:&quot;&quot;,&quot;jet_parallax_layout_animation_prop&quot;:&quot;transform&quot;,&quot;jet_parallax_layout_on&quot;:[&quot;desktop&quot;,&quot;tablet&quot;]}],&quot;background_background&quot;:&quot;classic&quot;,&quot;_ha_eqh_enable&quot;:false}\">\n\t\t\t\t\t\t<div class=\"elementor-container elementor-column-gap-no\">\n\t\t\t\t\t\t\t<div class=\"elementor-row\">\n\t\t\t\t\t<div class=\"elementor-column elementor-col-50 elementor-top-column elementor-element elementor-element-50f117a\" data-id=\"50f117a\" data-element_type=\"column\">\n\t\t\t<div class=\"elementor-column-wrap elementor-element-populated\">\n\t\t\t\t\t\t\t<div class=\"elementor-widget-wrap\">\n\t\t\t\t\t\t<div class=\"elementor-element elementor-element-4d7b432 elementor-widget elementor-widget-heading\" data-id=\"4d7b432\" data-element_type=\"widget\" data-widget_type=\"heading.default\">\n\t\t\t\t<div class=\"elementor-widget-container\">\n\t\t\t<h1 class=\"elementor-heading-title elementor-size-default\">testes e simulados<\/h1>\t\t<\/div>\n\t\t\t\t<\/div>\n\t\t\t\t\t\t<\/div>\n\t\t\t\t\t<\/div>\n\t\t<\/div>\n\t\t\t\t<div class=\"elementor-column elementor-col-50 elementor-top-column elementor-element elementor-element-0c4179e\" data-id=\"0c4179e\" data-element_type=\"column\">\n\t\t\t<div class=\"elementor-column-wrap\">\n\t\t\t\t\t\t\t<div class=\"elementor-widget-wrap\">\n\t\t\t\t\t\t\t\t<\/div>\n\t\t\t\t\t<\/div>\n\t\t<\/div>\n\t\t\t\t\t\t\t\t<\/div>\n\t\t\t\t\t<\/div>\n\t\t<\/section>\n\t\t\t\t<section class=\"elementor-section elementor-top-section elementor-element elementor-element-b451a84 elementor-section-full_width elementor-section-height-default elementor-section-height-default\" data-id=\"b451a84\" data-element_type=\"section\" data-settings=\"{&quot;jet_parallax_layout_list&quot;:[{&quot;jet_parallax_layout_image&quot;:{&quot;url&quot;:&quot;&quot;,&quot;id&quot;:&quot;&quot;},&quot;_id&quot;:&quot;1895ef6&quot;,&quot;jet_parallax_layout_image_tablet&quot;:{&quot;url&quot;:&quot;&quot;,&quot;id&quot;:&quot;&quot;},&quot;jet_parallax_layout_image_mobile&quot;:{&quot;url&quot;:&quot;&quot;,&quot;id&quot;:&quot;&quot;},&quot;jet_parallax_layout_speed&quot;:{&quot;unit&quot;:&quot;%&quot;,&quot;size&quot;:50,&quot;sizes&quot;:[]},&quot;jet_parallax_layout_type&quot;:&quot;scroll&quot;,&quot;jet_parallax_layout_direction&quot;:null,&quot;jet_parallax_layout_fx_direction&quot;:null,&quot;jet_parallax_layout_z_index&quot;:&quot;&quot;,&quot;jet_parallax_layout_bg_x&quot;:50,&quot;jet_parallax_layout_bg_x_tablet&quot;:&quot;&quot;,&quot;jet_parallax_layout_bg_x_mobile&quot;:&quot;&quot;,&quot;jet_parallax_layout_bg_y&quot;:50,&quot;jet_parallax_layout_bg_y_tablet&quot;:&quot;&quot;,&quot;jet_parallax_layout_bg_y_mobile&quot;:&quot;&quot;,&quot;jet_parallax_layout_bg_size&quot;:&quot;auto&quot;,&quot;jet_parallax_layout_bg_size_tablet&quot;:&quot;&quot;,&quot;jet_parallax_layout_bg_size_mobile&quot;:&quot;&quot;,&quot;jet_parallax_layout_animation_prop&quot;:&quot;transform&quot;,&quot;jet_parallax_layout_on&quot;:[&quot;desktop&quot;,&quot;tablet&quot;]}],&quot;background_background&quot;:&quot;classic&quot;,&quot;_ha_eqh_enable&quot;:false}\">\n\t\t\t\t\t\t<div class=\"elementor-container elementor-column-gap-default\">\n\t\t\t\t\t\t\t<div class=\"elementor-row\">\n\t\t\t\t\t<div class=\"elementor-column elementor-col-33 elementor-top-column elementor-element elementor-element-1f4c989\" data-id=\"1f4c989\" data-element_type=\"column\">\n\t\t\t<div class=\"elementor-column-wrap elementor-element-populated\">\n\t\t\t\t\t\t\t<div class=\"elementor-widget-wrap\">\n\t\t\t\t\t\t<div class=\"elementor-element elementor-element-ae5e660 elementor-widget elementor-widget-image\" data-id=\"ae5e660\" data-element_type=\"widget\" data-widget_type=\"image.default\">\n\t\t\t\t<div class=\"elementor-widget-container\">\n\t\t\t\t\t\t\t\t<div class=\"elementor-image\">\n\t\t\t\t\t\t\t\t\t\t\t\t\t<a href=\"https:\/\/transformauj.com.br\/escolas\/teste-inteligencia-emocional-2\/\">\n\t\t\t\t\t\t\t<img width=\"797\" height=\"599\" src=\"https:\/\/transformauj.com.br\/escolas\/wp-content\/uploads\/2023\/06\/UJ-Experience-cards.png\" class=\"attachment-full size-full\" alt=\"\" loading=\"lazy\" srcset=\"https:\/\/transformauj.com.br\/escolas\/wp-content\/uploads\/2023\/06\/UJ-Experience-cards.png 797w, https:\/\/transformauj.com.br\/escolas\/wp-content\/uploads\/2023\/06\/UJ-Experience-cards-300x225.png 300w, https:\/\/transformauj.com.br\/escolas\/wp-content\/uploads\/2023\/06\/UJ-Experience-cards-768x577.png 768w\" sizes=\"(max-width: 797px) 100vw, 797px\" \/>\t\t\t\t\t\t\t\t<\/a>\n\t\t\t\t\t\t\t\t\t\t\t\t\t\t<\/div>\n\t\t\t\t\t\t<\/div>\n\t\t\t\t<\/div>\n\t\t\t\t<div class=\"elementor-element elementor-element-a76e102 elementor-widget elementor-widget-heading\" data-id=\"a76e102\" data-element_type=\"widget\" data-widget_type=\"heading.default\">\n\t\t\t\t<div class=\"elementor-widget-container\">\n\t\t\t<div class=\"elementor-heading-title elementor-size-default\">Que tal descobrir qual a sua principal intelig\u00eancia emocional? Fa\u00e7a o teste e confira!<\/div>\t\t<\/div>\n\t\t\t\t<\/div>\n\t\t\t\t<div class=\"elementor-element elementor-element-10b2603 elementor-align-left elementor-mobile-align-left elementor-widget elementor-widget-button\" data-id=\"10b2603\" data-element_type=\"widget\" data-widget_type=\"button.default\">\n\t\t\t\t<div class=\"elementor-widget-container\">\n\t\t\t\t\t<div class=\"elementor-button-wrapper\">\n\t\t\t<a href=\"https:\/\/transformauj.com.br\/escolas\/teste-inteligencia-emocional-2\/\" class=\"elementor-button-link elementor-button elementor-size-lg\" role=\"button\">\n\t\t\t\t\t\t<span class=\"elementor-button-content-wrapper\">\n\t\t\t\t\t\t<span class=\"elementor-button-icon elementor-align-icon-right\">\n\t\t\t\t<i aria-hidden=\"true\" class=\"fas fa-angle-right\"><\/i>\t\t\t<\/span>\n\t\t\t\t\t\t<span class=\"elementor-button-text\">ACESSAR<\/span>\n\t\t<\/span>\n\t\t\t\t\t<\/a>\n\t\t<\/div>\n\t\t\t\t<\/div>\n\t\t\t\t<\/div>\n\t\t\t\t\t\t<\/div>\n\t\t\t\t\t<\/div>\n\t\t<\/div>\n\t\t\t\t<div class=\"elementor-column elementor-col-33 elementor-top-column elementor-element elementor-element-abb97e3\" data-id=\"abb97e3\" data-element_type=\"column\">\n\t\t\t<div class=\"elementor-column-wrap elementor-element-populated\">\n\t\t\t\t\t\t\t<div class=\"elementor-widget-wrap\">\n\t\t\t\t\t\t<div class=\"elementor-element elementor-element-ae2c822 elementor-widget elementor-widget-image\" data-id=\"ae2c822\" data-element_type=\"widget\" data-widget_type=\"image.default\">\n\t\t\t\t<div class=\"elementor-widget-container\">\n\t\t\t\t\t\t\t\t<div class=\"elementor-image\">\n\t\t\t\t\t\t\t\t\t\t\t\t\t<a href=\"https:\/\/transformauj.com.br\/escolas\/simulados-enem-2\/\">\n\t\t\t\t\t\t\t<img width=\"768\" height=\"577\" src=\"https:\/\/transformauj.com.br\/escolas\/wp-content\/uploads\/2025\/10\/cARD-TESTE-1.png\" class=\"attachment-full size-full\" alt=\"\" loading=\"lazy\" srcset=\"https:\/\/transformauj.com.br\/escolas\/wp-content\/uploads\/2025\/10\/cARD-TESTE-1.png 768w, https:\/\/transformauj.com.br\/escolas\/wp-content\/uploads\/2025\/10\/cARD-TESTE-1-300x225.png 300w\" sizes=\"(max-width: 768px) 100vw, 768px\" \/>\t\t\t\t\t\t\t\t<\/a>\n\t\t\t\t\t\t\t\t\t\t\t\t\t\t<\/div>\n\t\t\t\t\t\t<\/div>\n\t\t\t\t<\/div>\n\t\t\t\t<div class=\"elementor-element elementor-element-0107860 elementor-widget elementor-widget-heading\" data-id=\"0107860\" data-element_type=\"widget\" data-widget_type=\"heading.default\">\n\t\t\t\t<div class=\"elementor-widget-container\">\n\t\t\t<div class=\"elementor-heading-title elementor-size-default\">Ainda em d\u00favidas sobre qual carreira seguir? O teste de orienta\u00e7\u00e3o pode trazer muitas respostas. Fa\u00e7a agora!\u200b<\/div>\t\t<\/div>\n\t\t\t\t<\/div>\n\t\t\t\t<div class=\"elementor-element elementor-element-7e9c37a elementor-align-left elementor-mobile-align-left elementor-widget elementor-widget-button\" data-id=\"7e9c37a\" data-element_type=\"widget\" data-widget_type=\"button.default\">\n\t\t\t\t<div class=\"elementor-widget-container\">\n\t\t\t\t\t<div class=\"elementor-button-wrapper\">\n\t\t\t<a href=\"https:\/\/transformauj.com.br\/escolas\/teste-de-orientacao-de-carreira\/\" class=\"elementor-button-link elementor-button elementor-size-lg\" role=\"button\">\n\t\t\t\t\t\t<span class=\"elementor-button-content-wrapper\">\n\t\t\t\t\t\t<span class=\"elementor-button-icon elementor-align-icon-right\">\n\t\t\t\t<i aria-hidden=\"true\" class=\"fas fa-angle-right\"><\/i>\t\t\t<\/span>\n\t\t\t\t\t\t<span class=\"elementor-button-text\">ACESSAR<\/span>\n\t\t<\/span>\n\t\t\t\t\t<\/a>\n\t\t<\/div>\n\t\t\t\t<\/div>\n\t\t\t\t<\/div>\n\t\t\t\t\t\t<\/div>\n\t\t\t\t\t<\/div>\n\t\t<\/div>\n\t\t\t\t<div class=\"elementor-column elementor-col-33 elementor-top-column elementor-element elementor-element-4b654a6\" data-id=\"4b654a6\" data-element_type=\"column\">\n\t\t\t<div class=\"elementor-column-wrap elementor-element-populated\">\n\t\t\t\t\t\t\t<div class=\"elementor-widget-wrap\">\n\t\t\t\t\t\t<div class=\"elementor-element elementor-element-9c37675 elementor-widget elementor-widget-image\" data-id=\"9c37675\" data-element_type=\"widget\" data-widget_type=\"image.default\">\n\t\t\t\t<div class=\"elementor-widget-container\">\n\t\t\t\t\t\t\t\t<div class=\"elementor-image\">\n\t\t\t\t\t\t\t\t\t\t\t\t\t<a href=\"https:\/\/transformauj.com.br\/escolas\/teste-de-orientacao-de-carreira\/\">\n\t\t\t\t\t\t\t<img width=\"797\" height=\"599\" src=\"https:\/\/transformauj.com.br\/escolas\/wp-content\/uploads\/2023\/06\/3.png\" class=\"attachment-full size-full\" alt=\"\" loading=\"lazy\" srcset=\"https:\/\/transformauj.com.br\/escolas\/wp-content\/uploads\/2023\/06\/3.png 797w, https:\/\/transformauj.com.br\/escolas\/wp-content\/uploads\/2023\/06\/3-300x225.png 300w, https:\/\/transformauj.com.br\/escolas\/wp-content\/uploads\/2023\/06\/3-768x577.png 768w\" sizes=\"(max-width: 797px) 100vw, 797px\" \/>\t\t\t\t\t\t\t\t<\/a>\n\t\t\t\t\t\t\t\t\t\t\t\t\t\t<\/div>\n\t\t\t\t\t\t<\/div>\n\t\t\t\t<\/div>\n\t\t\t\t<div class=\"elementor-element elementor-element-42f4432 elementor-widget elementor-widget-heading\" data-id=\"42f4432\" data-element_type=\"widget\" data-widget_type=\"heading.default\">\n\t\t\t\t<div class=\"elementor-widget-container\">\n\t\t\t<div class=\"elementor-heading-title elementor-size-default\">Encontre o melhor caminho para o seu sucesso profissional.\nAcesse o teste e descubra mais sobre sua jornada!<\/div>\t\t<\/div>\n\t\t\t\t<\/div>\n\t\t\t\t<div class=\"elementor-element elementor-element-a5b344f elementor-align-left elementor-mobile-align-left elementor-widget elementor-widget-button\" data-id=\"a5b344f\" data-element_type=\"widget\" data-widget_type=\"button.default\">\n\t\t\t\t<div class=\"elementor-widget-container\">\n\t\t\t\t\t<div class=\"elementor-button-wrapper\">\n\t\t\t<a href=\"https:\/\/admission.worka.love\/chat\/unijorge?utm_source=Site&#038;utm_content=Site+UJ+-+Home&#038;link_identification=8110&#038;utm_medium=link\" class=\"elementor-button-link elementor-button elementor-size-lg\" role=\"button\">\n\t\t\t\t\t\t<span class=\"elementor-button-content-wrapper\">\n\t\t\t\t\t\t<span class=\"elementor-button-icon elementor-align-icon-right\">\n\t\t\t\t<i aria-hidden=\"true\" class=\"fas fa-angle-right\"><\/i>\t\t\t<\/span>\n\t\t\t\t\t\t<span class=\"elementor-button-text\">ACESSAR<\/span>\n\t\t<\/span>\n\t\t\t\t\t<\/a>\n\t\t<\/div>\n\t\t\t\t<\/div>\n\t\t\t\t<\/div>\n\t\t\t\t\t\t<\/div>\n\t\t\t\t\t<\/div>\n\t\t<\/div>\n\t\t\t\t\t\t\t\t<\/div>\n\t\t\t\t\t<\/div>\n\t\t<\/section>\n\t\t\t\t\t\t<\/div>\n\t\t\t\t\t\t<\/div>\n\t\t\t\t\t<\/div>\n\t\t","protected":false},"excerpt":{"rendered":"<p>testes e simulados Que tal descobrir qual a sua principal intelig\u00eancia emocional? Fa\u00e7a o teste e confira! ACESSAR Ainda em d\u00favidas sobre qual carreira seguir? O teste de orienta\u00e7\u00e3o pode trazer muitas respostas. Fa\u00e7a agora!\u200b ACESSAR Encontre o melhor caminho para o seu sucesso profissional. Acesse o teste e descubra mais sobre sua jornada! ACESSAR<\/p>\n","protected":false},"author":3,"featured_media":0,"parent":0,"menu_order":0,"comment_status":"closed","ping_status":"closed","template":"elementor_header_footer","meta":[],"acf":[],"yoast_head":"<!-- This site is optimized with the Yoast SEO plugin v17.9 - https:\/\/yoast.com\/wordpress\/plugins\/seo\/ -->\n<title>Conhecimento Transforma UJ<\/title>\n<meta name=\"description\" content=\"m meio a pandemia nossos alunos e professores buscaram solu\u00e7\u00f5es para ajudar a comunidade neste momento t\u00e3o cr\u00edtico.Conhe\u00e7a nossos projetos.\" \/>\n<meta name=\"robots\" content=\"index, follow, max-snippet:-1, max-image-preview:large, max-video-preview:-1\" \/>\n<link rel=\"canonical\" href=\"https:\/\/transformauj.com.br\/escolas\/testes\/\" \/>\n<meta property=\"og:locale\" content=\"pt_BR\" \/>\n<meta property=\"og:type\" content=\"article\" \/>\n<meta property=\"og:title\" content=\"Conhecimento Transforma UJ\" \/>\n<meta property=\"og:description\" content=\"m meio a pandemia nossos alunos e professores buscaram solu\u00e7\u00f5es para ajudar a comunidade neste momento t\u00e3o cr\u00edtico.Conhe\u00e7a nossos projetos.\" \/>\n<meta property=\"og:url\" content=\"https:\/\/transformauj.com.br\/escolas\/testes\/\" \/>\n<meta property=\"og:site_name\" content=\"High School - Unijorge\" \/>\n<meta property=\"article:modified_time\" content=\"2025-10-23T21:03:10+00:00\" \/>\n<meta property=\"og:image\" content=\"https:\/\/transformauj.com.br\/escolas\/wp-content\/uploads\/2023\/06\/UJ-Experience-cards.png\" \/>\n<meta name=\"twitter:card\" content=\"summary_large_image\" \/>\n<meta name=\"twitter:label1\" content=\"Est. tempo de leitura\" \/>\n\t<meta name=\"twitter:data1\" content=\"1 minuto\" \/>\n<script type=\"application\/ld+json\" class=\"yoast-schema-graph\">{\"@context\":\"https:\/\/schema.org\",\"@graph\":[{\"@type\":\"WebSite\",\"@id\":\"https:\/\/transformauj.com.br\/escolas\/#website\",\"url\":\"https:\/\/transformauj.com.br\/escolas\/\",\"name\":\"High School - Unijorge\",\"description\":\"Unijorge\",\"potentialAction\":[{\"@type\":\"SearchAction\",\"target\":{\"@type\":\"EntryPoint\",\"urlTemplate\":\"https:\/\/transformauj.com.br\/escolas\/?s={search_term_string}\"},\"query-input\":\"required name=search_term_string\"}],\"inLanguage\":\"pt-BR\"},{\"@type\":\"ImageObject\",\"@id\":\"https:\/\/transformauj.com.br\/escolas\/testes\/#primaryimage\",\"inLanguage\":\"pt-BR\",\"url\":\"https:\/\/transformauj.com.br\/escolas\/wp-content\/uploads\/2023\/06\/UJ-Experience-cards.png\",\"contentUrl\":\"https:\/\/transformauj.com.br\/escolas\/wp-content\/uploads\/2023\/06\/UJ-Experience-cards.png\",\"width\":797,\"height\":599},{\"@type\":\"WebPage\",\"@id\":\"https:\/\/transformauj.com.br\/escolas\/testes\/#webpage\",\"url\":\"https:\/\/transformauj.com.br\/escolas\/testes\/\",\"name\":\"Conhecimento Transforma UJ\",\"isPartOf\":{\"@id\":\"https:\/\/transformauj.com.br\/escolas\/#website\"},\"primaryImageOfPage\":{\"@id\":\"https:\/\/transformauj.com.br\/escolas\/testes\/#primaryimage\"},\"datePublished\":\"2020-11-06T14:13:09+00:00\",\"dateModified\":\"2025-10-23T21:03:10+00:00\",\"description\":\"m meio a pandemia nossos alunos e professores buscaram solu\\u00e7\\u00f5es para ajudar a comunidade neste momento t\\u00e3o cr\\u00edtico.Conhe\\u00e7a nossos projetos.\",\"breadcrumb\":{\"@id\":\"https:\/\/transformauj.com.br\/escolas\/testes\/#breadcrumb\"},\"inLanguage\":\"pt-BR\",\"potentialAction\":[{\"@type\":\"ReadAction\",\"target\":[\"https:\/\/transformauj.com.br\/escolas\/testes\/\"]}]},{\"@type\":\"BreadcrumbList\",\"@id\":\"https:\/\/transformauj.com.br\/escolas\/testes\/#breadcrumb\",\"itemListElement\":[{\"@type\":\"ListItem\",\"position\":1,\"name\":\"In\\u00edcio\",\"item\":\"https:\/\/transformauj.com.br\/escolas\/\"},{\"@type\":\"ListItem\",\"position\":2,\"name\":\"Testes UJ Experience\"}]}]}<\/script>\n<!-- \/ Yoast SEO plugin. -->","yoast_head_json":{"title":"Conhecimento Transforma UJ","description":"m meio a pandemia nossos alunos e professores buscaram solu\u00e7\u00f5es para ajudar a comunidade neste momento t\u00e3o cr\u00edtico.Conhe\u00e7a nossos projetos.","robots":{"index":"index","follow":"follow","max-snippet":"max-snippet:-1","max-image-preview":"max-image-preview:large","max-video-preview":"max-video-preview:-1"},"canonical":"https:\/\/transformauj.com.br\/escolas\/testes\/","og_locale":"pt_BR","og_type":"article","og_title":"Conhecimento Transforma UJ","og_description":"m meio a pandemia nossos alunos e professores buscaram solu\u00e7\u00f5es para ajudar a comunidade neste momento t\u00e3o cr\u00edtico.Conhe\u00e7a nossos projetos.","og_url":"https:\/\/transformauj.com.br\/escolas\/testes\/","og_site_name":"High School - Unijorge","article_modified_time":"2025-10-23T21:03:10+00:00","og_image":[{"url":"https:\/\/transformauj.com.br\/escolas\/wp-content\/uploads\/2023\/06\/UJ-Experience-cards.png"}],"twitter_card":"summary_large_image","twitter_misc":{"Est. tempo de leitura":"1 minuto"},"schema":{"@context":"https:\/\/schema.org","@graph":[{"@type":"WebSite","@id":"https:\/\/transformauj.com.br\/escolas\/#website","url":"https:\/\/transformauj.com.br\/escolas\/","name":"High School - Unijorge","description":"Unijorge","potentialAction":[{"@type":"SearchAction","target":{"@type":"EntryPoint","urlTemplate":"https:\/\/transformauj.com.br\/escolas\/?s={search_term_string}"},"query-input":"required name=search_term_string"}],"inLanguage":"pt-BR"},{"@type":"ImageObject","@id":"https:\/\/transformauj.com.br\/escolas\/testes\/#primaryimage","inLanguage":"pt-BR","url":"https:\/\/transformauj.com.br\/escolas\/wp-content\/uploads\/2023\/06\/UJ-Experience-cards.png","contentUrl":"https:\/\/transformauj.com.br\/escolas\/wp-content\/uploads\/2023\/06\/UJ-Experience-cards.png","width":797,"height":599},{"@type":"WebPage","@id":"https:\/\/transformauj.com.br\/escolas\/testes\/#webpage","url":"https:\/\/transformauj.com.br\/escolas\/testes\/","name":"Conhecimento Transforma UJ","isPartOf":{"@id":"https:\/\/transformauj.com.br\/escolas\/#website"},"primaryImageOfPage":{"@id":"https:\/\/transformauj.com.br\/escolas\/testes\/#primaryimage"},"datePublished":"2020-11-06T14:13:09+00:00","dateModified":"2025-10-23T21:03:10+00:00","description":"m meio a pandemia nossos alunos e professores buscaram solu\u00e7\u00f5es para ajudar a comunidade neste momento t\u00e3o cr\u00edtico.Conhe\u00e7a nossos projetos.","breadcrumb":{"@id":"https:\/\/transformauj.com.br\/escolas\/testes\/#breadcrumb"},"inLanguage":"pt-BR","potentialAction":[{"@type":"ReadAction","target":["https:\/\/transformauj.com.br\/escolas\/testes\/"]}]},{"@type":"BreadcrumbList","@id":"https:\/\/transformauj.com.br\/escolas\/testes\/#breadcrumb","itemListElement":[{"@type":"ListItem","position":1,"name":"In\u00edcio","item":"https:\/\/transformauj.com.br\/escolas\/"},{"@type":"ListItem","position":2,"name":"Testes UJ Experience"}]}]}},"_links":{"self":[{"href":"https:\/\/transformauj.com.br\/escolas\/wp-json\/wp\/v2\/pages\/1273"}],"collection":[{"href":"https:\/\/transformauj.com.br\/escolas\/wp-json\/wp\/v2\/pages"}],"about":[{"href":"https:\/\/transformauj.com.br\/escolas\/wp-json\/wp\/v2\/types\/page"}],"author":[{"embeddable":true,"href":"https:\/\/transformauj.com.br\/escolas\/wp-json\/wp\/v2\/users\/3"}],"replies":[{"embeddable":true,"href":"https:\/\/transformauj.com.br\/escolas\/wp-json\/wp\/v2\/comments?post=1273"}],"version-history":[{"count":45,"href":"https:\/\/transformauj.com.br\/escolas\/wp-json\/wp\/v2\/pages\/1273\/revisions"}],"predecessor-version":[{"id":2752,"href":"https:\/\/transformauj.com.br\/escolas\/wp-json\/wp\/v2\/pages\/1273\/revisions\/2752"}],"wp:attachment":[{"href":"https:\/\/transformauj.com.br\/escolas\/wp-json\/wp\/v2\/media?parent=1273"}],"curies":[{"name":"wp","href":"https:\/\/api.w.org\/{rel}","templated":true}]}}