{"id":1196,"date":"2020-11-05T20:48:20","date_gmt":"2020-11-05T20:48:20","guid":{"rendered":"http:\/\/transformauj.com.br\/UJExperience\/?page_id=1196"},"modified":"2025-10-23T21:36:50","modified_gmt":"2025-10-23T21:36:50","slug":"vem-enem","status":"publish","type":"page","link":"https:\/\/transformauj.com.br\/escolas\/vem-enem\/","title":{"rendered":"Vem ENEM"},"content":{"rendered":"\t\t<div data-elementor-type=\"wp-page\" data-elementor-id=\"1196\" class=\"elementor elementor-1196\" data-elementor-settings=\"[]\">\n\t\t\t\t\t\t<div class=\"elementor-inner\">\n\t\t\t\t\t\t\t<div class=\"elementor-section-wrap\">\n\t\t\t\t\t\t\t<section class=\"elementor-section elementor-top-section elementor-element elementor-element-29dc7d6 elementor-section-height-min-height elementor-section-full_width elementor-section-height-default elementor-section-items-middle\" data-id=\"29dc7d6\" data-element_type=\"section\" data-settings=\"{&quot;jet_parallax_layout_list&quot;:[{&quot;jet_parallax_layout_image&quot;:{&quot;url&quot;:&quot;&quot;,&quot;id&quot;:&quot;&quot;},&quot;_id&quot;:&quot;abdb292&quot;,&quot;jet_parallax_layout_image_tablet&quot;:{&quot;url&quot;:&quot;&quot;,&quot;id&quot;:&quot;&quot;},&quot;jet_parallax_layout_image_mobile&quot;:{&quot;url&quot;:&quot;&quot;,&quot;id&quot;:&quot;&quot;},&quot;jet_parallax_layout_speed&quot;:{&quot;unit&quot;:&quot;%&quot;,&quot;size&quot;:50,&quot;sizes&quot;:[]},&quot;jet_parallax_layout_type&quot;:&quot;scroll&quot;,&quot;jet_parallax_layout_direction&quot;:null,&quot;jet_parallax_layout_fx_direction&quot;:null,&quot;jet_parallax_layout_z_index&quot;:&quot;&quot;,&quot;jet_parallax_layout_bg_x&quot;:50,&quot;jet_parallax_layout_bg_x_tablet&quot;:&quot;&quot;,&quot;jet_parallax_layout_bg_x_mobile&quot;:&quot;&quot;,&quot;jet_parallax_layout_bg_y&quot;:50,&quot;jet_parallax_layout_bg_y_tablet&quot;:&quot;&quot;,&quot;jet_parallax_layout_bg_y_mobile&quot;:&quot;&quot;,&quot;jet_parallax_layout_bg_size&quot;:&quot;auto&quot;,&quot;jet_parallax_layout_bg_size_tablet&quot;:&quot;&quot;,&quot;jet_parallax_layout_bg_size_mobile&quot;:&quot;&quot;,&quot;jet_parallax_layout_animation_prop&quot;:&quot;transform&quot;,&quot;jet_parallax_layout_on&quot;:[&quot;desktop&quot;,&quot;tablet&quot;]}],&quot;background_background&quot;:&quot;classic&quot;,&quot;_ha_eqh_enable&quot;:false}\">\n\t\t\t\t\t\t<div class=\"elementor-container elementor-column-gap-no\">\n\t\t\t\t\t\t\t<div class=\"elementor-row\">\n\t\t\t\t\t<div class=\"elementor-column elementor-col-100 elementor-top-column elementor-element elementor-element-50f117a\" data-id=\"50f117a\" data-element_type=\"column\">\n\t\t\t<div class=\"elementor-column-wrap elementor-element-populated\">\n\t\t\t\t\t\t\t<div class=\"elementor-widget-wrap\">\n\t\t\t\t\t\t<div class=\"elementor-element elementor-element-4d7b432 elementor-widget elementor-widget-heading\" data-id=\"4d7b432\" data-element_type=\"widget\" data-widget_type=\"heading.default\">\n\t\t\t\t<div class=\"elementor-widget-container\">\n\t\t\t<h1 class=\"elementor-heading-title elementor-size-default\">MISS\u00c3O ENEM<\/h1>\t\t<\/div>\n\t\t\t\t<\/div>\n\t\t\t\t<div class=\"elementor-element elementor-element-95af16d elementor-widget elementor-widget-heading\" data-id=\"95af16d\" data-element_type=\"widget\" data-widget_type=\"heading.default\">\n\t\t\t\t<div class=\"elementor-widget-container\">\n\t\t\t<h1 class=\"elementor-heading-title elementor-size-default\">A UJ faz de tudo para ajudar voc\u00ea a tirar a melhor nota no ENEM. <BR><B>Acesse abaixo.\n<\/h1>\t\t<\/div>\n\t\t\t\t<\/div>\n\t\t\t\t\t\t<\/div>\n\t\t\t\t\t<\/div>\n\t\t<\/div>\n\t\t\t\t\t\t\t\t<\/div>\n\t\t\t\t\t<\/div>\n\t\t<\/section>\n\t\t\t\t<section class=\"elementor-section elementor-top-section elementor-element elementor-element-b8b05b5 elementor-section-full_width elementor-section-height-default elementor-section-height-default\" data-id=\"b8b05b5\" data-element_type=\"section\" data-settings=\"{&quot;jet_parallax_layout_list&quot;:[{&quot;jet_parallax_layout_image&quot;:{&quot;url&quot;:&quot;&quot;,&quot;id&quot;:&quot;&quot;},&quot;_id&quot;:&quot;1895ef6&quot;,&quot;jet_parallax_layout_image_tablet&quot;:{&quot;url&quot;:&quot;&quot;,&quot;id&quot;:&quot;&quot;},&quot;jet_parallax_layout_image_mobile&quot;:{&quot;url&quot;:&quot;&quot;,&quot;id&quot;:&quot;&quot;},&quot;jet_parallax_layout_speed&quot;:{&quot;unit&quot;:&quot;%&quot;,&quot;size&quot;:50,&quot;sizes&quot;:[]},&quot;jet_parallax_layout_type&quot;:&quot;scroll&quot;,&quot;jet_parallax_layout_direction&quot;:null,&quot;jet_parallax_layout_fx_direction&quot;:null,&quot;jet_parallax_layout_z_index&quot;:&quot;&quot;,&quot;jet_parallax_layout_bg_x&quot;:50,&quot;jet_parallax_layout_bg_x_tablet&quot;:&quot;&quot;,&quot;jet_parallax_layout_bg_x_mobile&quot;:&quot;&quot;,&quot;jet_parallax_layout_bg_y&quot;:50,&quot;jet_parallax_layout_bg_y_tablet&quot;:&quot;&quot;,&quot;jet_parallax_layout_bg_y_mobile&quot;:&quot;&quot;,&quot;jet_parallax_layout_bg_size&quot;:&quot;auto&quot;,&quot;jet_parallax_layout_bg_size_tablet&quot;:&quot;&quot;,&quot;jet_parallax_layout_bg_size_mobile&quot;:&quot;&quot;,&quot;jet_parallax_layout_animation_prop&quot;:&quot;transform&quot;,&quot;jet_parallax_layout_on&quot;:[&quot;desktop&quot;,&quot;tablet&quot;]}],&quot;background_background&quot;:&quot;classic&quot;,&quot;_ha_eqh_enable&quot;:false}\">\n\t\t\t\t\t\t<div class=\"elementor-container elementor-column-gap-default\">\n\t\t\t\t\t\t\t<div class=\"elementor-row\">\n\t\t\t\t\t<div class=\"elementor-column elementor-col-33 elementor-top-column elementor-element elementor-element-27a86a6\" data-id=\"27a86a6\" data-element_type=\"column\">\n\t\t\t<div class=\"elementor-column-wrap elementor-element-populated\">\n\t\t\t\t\t\t\t<div class=\"elementor-widget-wrap\">\n\t\t\t\t\t\t<div class=\"elementor-element elementor-element-2792c28 elementor-widget elementor-widget-image\" data-id=\"2792c28\" data-element_type=\"widget\" data-widget_type=\"image.default\">\n\t\t\t\t<div class=\"elementor-widget-container\">\n\t\t\t\t\t\t\t\t<div class=\"elementor-image\">\n\t\t\t\t\t\t\t\t\t\t\t\t<img width=\"800\" height=\"800\" src=\"https:\/\/transformauj.com.br\/escolas\/wp-content\/uploads\/2025\/10\/ZV_558605_Missao_ENEM_8a_Ed_2025_CineAulao_MIDIA_1080x1080px.jpg\" class=\"attachment-full size-full\" alt=\"\" loading=\"lazy\" srcset=\"https:\/\/transformauj.com.br\/escolas\/wp-content\/uploads\/2025\/10\/ZV_558605_Missao_ENEM_8a_Ed_2025_CineAulao_MIDIA_1080x1080px.jpg 800w, https:\/\/transformauj.com.br\/escolas\/wp-content\/uploads\/2025\/10\/ZV_558605_Missao_ENEM_8a_Ed_2025_CineAulao_MIDIA_1080x1080px-300x300.jpg 300w, https:\/\/transformauj.com.br\/escolas\/wp-content\/uploads\/2025\/10\/ZV_558605_Missao_ENEM_8a_Ed_2025_CineAulao_MIDIA_1080x1080px-150x150.jpg 150w, https:\/\/transformauj.com.br\/escolas\/wp-content\/uploads\/2025\/10\/ZV_558605_Missao_ENEM_8a_Ed_2025_CineAulao_MIDIA_1080x1080px-768x768.jpg 768w, https:\/\/transformauj.com.br\/escolas\/wp-content\/uploads\/2025\/10\/ZV_558605_Missao_ENEM_8a_Ed_2025_CineAulao_MIDIA_1080x1080px-500x500.jpg 500w\" sizes=\"(max-width: 800px) 100vw, 800px\" \/>\t\t\t\t\t\t\t\t\t\t\t\t\t\t<\/div>\n\t\t\t\t\t\t<\/div>\n\t\t\t\t<\/div>\n\t\t\t\t<div class=\"elementor-element elementor-element-81060d0 elementor-tablet-align-left elementor-mobile-align-center elementor-align-left elementor-widget elementor-widget-raven-heading\" data-id=\"81060d0\" data-element_type=\"widget\" data-widget_type=\"raven-heading.default\">\n\t\t\t\t<div class=\"elementor-widget-container\">\n\t\t\t\t\t<div class=\"raven-widget-wrapper\"><h3 class=\"raven-heading raven-heading-h3\"><span class=\"raven-heading-title\">MISS\u00c3O ENEM<\/span><\/h3><\/div>\n\t\t\t\t<\/div>\n\t\t\t\t<\/div>\n\t\t\t\t<div class=\"elementor-element elementor-element-63071f8 elementor-align-left elementor-mobile-align-left elementor-widget elementor-widget-button\" data-id=\"63071f8\" data-element_type=\"widget\" data-widget_type=\"button.default\">\n\t\t\t\t<div class=\"elementor-widget-container\">\n\t\t\t\t\t<div class=\"elementor-button-wrapper\">\n\t\t\t<a href=\"https:\/\/forms.office.com\/pages\/responsepage.aspx?id=UJC0_x-B3EG1DsFnA4fx2FUWMNe9SVpLi1sInPy7Go9UNzhPNTVQMEc4UzdTSVFFWDlQU0JaNzNRUS4u&#038;route=shorturl\" class=\"elementor-button-link elementor-button elementor-size-lg\" role=\"button\">\n\t\t\t\t\t\t<span class=\"elementor-button-content-wrapper\">\n\t\t\t\t\t\t<span class=\"elementor-button-icon elementor-align-icon-right\">\n\t\t\t\t<i aria-hidden=\"true\" class=\"fas fa-angle-right\"><\/i>\t\t\t<\/span>\n\t\t\t\t\t\t<span class=\"elementor-button-text\">INSCREVA-SE<\/span>\n\t\t<\/span>\n\t\t\t\t\t<\/a>\n\t\t<\/div>\n\t\t\t\t<\/div>\n\t\t\t\t<\/div>\n\t\t\t\t<div class=\"elementor-element elementor-element-bc1502b elementor-widget elementor-widget-spacer\" data-id=\"bc1502b\" data-element_type=\"widget\" data-widget_type=\"spacer.default\">\n\t\t\t\t<div class=\"elementor-widget-container\">\n\t\t\t\t\t<div class=\"elementor-spacer\">\n\t\t\t<div class=\"elementor-spacer-inner\"><\/div>\n\t\t<\/div>\n\t\t\t\t<\/div>\n\t\t\t\t<\/div>\n\t\t\t\t\t\t<\/div>\n\t\t\t\t\t<\/div>\n\t\t<\/div>\n\t\t\t\t<div class=\"elementor-column elementor-col-33 elementor-top-column elementor-element elementor-element-367144f\" data-id=\"367144f\" data-element_type=\"column\">\n\t\t\t<div class=\"elementor-column-wrap elementor-element-populated\">\n\t\t\t\t\t\t\t<div class=\"elementor-widget-wrap\">\n\t\t\t\t\t\t<div class=\"elementor-element elementor-element-7f130de elementor-widget elementor-widget-image\" data-id=\"7f130de\" data-element_type=\"widget\" data-widget_type=\"image.default\">\n\t\t\t\t<div class=\"elementor-widget-container\">\n\t\t\t\t\t\t\t\t<div class=\"elementor-image\">\n\t\t\t\t\t\t\t\t\t\t\t\t<img width=\"1080\" height=\"1080\" src=\"https:\/\/transformauj.com.br\/escolas\/wp-content\/uploads\/2025\/10\/ZV_549234_Missao_ENEM_8a_Ed_2025_CineAulao_Card_Simulado_1080x1080px_feed_03.jpg\" class=\"attachment-full size-full\" alt=\"\" loading=\"lazy\" srcset=\"https:\/\/transformauj.com.br\/escolas\/wp-content\/uploads\/2025\/10\/ZV_549234_Missao_ENEM_8a_Ed_2025_CineAulao_Card_Simulado_1080x1080px_feed_03.jpg 1080w, https:\/\/transformauj.com.br\/escolas\/wp-content\/uploads\/2025\/10\/ZV_549234_Missao_ENEM_8a_Ed_2025_CineAulao_Card_Simulado_1080x1080px_feed_03-300x300.jpg 300w, https:\/\/transformauj.com.br\/escolas\/wp-content\/uploads\/2025\/10\/ZV_549234_Missao_ENEM_8a_Ed_2025_CineAulao_Card_Simulado_1080x1080px_feed_03-1024x1024.jpg 1024w, https:\/\/transformauj.com.br\/escolas\/wp-content\/uploads\/2025\/10\/ZV_549234_Missao_ENEM_8a_Ed_2025_CineAulao_Card_Simulado_1080x1080px_feed_03-150x150.jpg 150w, https:\/\/transformauj.com.br\/escolas\/wp-content\/uploads\/2025\/10\/ZV_549234_Missao_ENEM_8a_Ed_2025_CineAulao_Card_Simulado_1080x1080px_feed_03-768x768.jpg 768w, https:\/\/transformauj.com.br\/escolas\/wp-content\/uploads\/2025\/10\/ZV_549234_Missao_ENEM_8a_Ed_2025_CineAulao_Card_Simulado_1080x1080px_feed_03-500x500.jpg 500w\" sizes=\"(max-width: 1080px) 100vw, 1080px\" \/>\t\t\t\t\t\t\t\t\t\t\t\t\t\t<\/div>\n\t\t\t\t\t\t<\/div>\n\t\t\t\t<\/div>\n\t\t\t\t<div class=\"elementor-element elementor-element-5772703 elementor-tablet-align-left elementor-mobile-align-center elementor-align-left elementor-widget elementor-widget-raven-heading\" data-id=\"5772703\" data-element_type=\"widget\" data-widget_type=\"raven-heading.default\">\n\t\t\t\t<div class=\"elementor-widget-container\">\n\t\t\t\t\t<div class=\"raven-widget-wrapper\"><h3 class=\"raven-heading raven-heading-h3\"><span class=\"raven-heading-title\">simulado gratuito online<\/span><\/h3><\/div>\n\t\t\t\t<\/div>\n\t\t\t\t<\/div>\n\t\t\t\t<div class=\"elementor-element elementor-element-d9c811e elementor-align-left elementor-mobile-align-left elementor-widget elementor-widget-button\" data-id=\"d9c811e\" data-element_type=\"widget\" data-widget_type=\"button.default\">\n\t\t\t\t<div class=\"elementor-widget-container\">\n\t\t\t\t\t<div class=\"elementor-button-wrapper\">\n\t\t\t<a href=\"https:\/\/transformauj.com.br\/escolas\/realizados\/\" class=\"elementor-button-link elementor-button elementor-size-lg\" role=\"button\">\n\t\t\t\t\t\t<span class=\"elementor-button-content-wrapper\">\n\t\t\t\t\t\t<span class=\"elementor-button-icon elementor-align-icon-right\">\n\t\t\t\t<i aria-hidden=\"true\" class=\"fas fa-angle-right\"><\/i>\t\t\t<\/span>\n\t\t\t\t\t\t<span class=\"elementor-button-text\">ACESSE AQUI<\/span>\n\t\t<\/span>\n\t\t\t\t\t<\/a>\n\t\t<\/div>\n\t\t\t\t<\/div>\n\t\t\t\t<\/div>\n\t\t\t\t<div class=\"elementor-element elementor-element-87f46c1 elementor-widget elementor-widget-spacer\" data-id=\"87f46c1\" data-element_type=\"widget\" data-widget_type=\"spacer.default\">\n\t\t\t\t<div class=\"elementor-widget-container\">\n\t\t\t\t\t<div class=\"elementor-spacer\">\n\t\t\t<div class=\"elementor-spacer-inner\"><\/div>\n\t\t<\/div>\n\t\t\t\t<\/div>\n\t\t\t\t<\/div>\n\t\t\t\t\t\t<\/div>\n\t\t\t\t\t<\/div>\n\t\t<\/div>\n\t\t\t\t<div class=\"elementor-column elementor-col-33 elementor-top-column elementor-element elementor-element-64c31e7\" data-id=\"64c31e7\" data-element_type=\"column\">\n\t\t\t<div class=\"elementor-column-wrap elementor-element-populated\">\n\t\t\t\t\t\t\t<div class=\"elementor-widget-wrap\">\n\t\t\t\t\t\t<div class=\"elementor-element elementor-element-42539f4 elementor-widget elementor-widget-image\" data-id=\"42539f4\" data-element_type=\"widget\" data-widget_type=\"image.default\">\n\t\t\t\t<div class=\"elementor-widget-container\">\n\t\t\t\t\t\t\t\t<div class=\"elementor-image\">\n\t\t\t\t\t\t\t\t\t\t\t\t<img width=\"800\" height=\"800\" src=\"https:\/\/transformauj.com.br\/escolas\/wp-content\/uploads\/2025\/10\/558649-Crono-missao_1080x1080.jpg\" class=\"attachment-full size-full\" alt=\"\" loading=\"lazy\" srcset=\"https:\/\/transformauj.com.br\/escolas\/wp-content\/uploads\/2025\/10\/558649-Crono-missao_1080x1080.jpg 800w, https:\/\/transformauj.com.br\/escolas\/wp-content\/uploads\/2025\/10\/558649-Crono-missao_1080x1080-300x300.jpg 300w, https:\/\/transformauj.com.br\/escolas\/wp-content\/uploads\/2025\/10\/558649-Crono-missao_1080x1080-150x150.jpg 150w, https:\/\/transformauj.com.br\/escolas\/wp-content\/uploads\/2025\/10\/558649-Crono-missao_1080x1080-768x768.jpg 768w, https:\/\/transformauj.com.br\/escolas\/wp-content\/uploads\/2025\/10\/558649-Crono-missao_1080x1080-500x500.jpg 500w\" sizes=\"(max-width: 800px) 100vw, 800px\" \/>\t\t\t\t\t\t\t\t\t\t\t\t\t\t<\/div>\n\t\t\t\t\t\t<\/div>\n\t\t\t\t<\/div>\n\t\t\t\t<div class=\"elementor-element elementor-element-16786a6 elementor-tablet-align-left elementor-mobile-align-center elementor-align-left elementor-widget elementor-widget-raven-heading\" data-id=\"16786a6\" data-element_type=\"widget\" data-widget_type=\"raven-heading.default\">\n\t\t\t\t<div class=\"elementor-widget-container\">\n\t\t\t\t\t<div class=\"raven-widget-wrapper\"><h3 class=\"raven-heading raven-heading-h3\"><span class=\"raven-heading-title\">CRONOGRAMA DE ESTUDOS<\/span><\/h3><\/div>\n\t\t\t\t<\/div>\n\t\t\t\t<\/div>\n\t\t\t\t<div class=\"elementor-element elementor-element-523bfa0 elementor-align-left elementor-mobile-align-left elementor-widget elementor-widget-button\" data-id=\"523bfa0\" data-element_type=\"widget\" data-widget_type=\"button.default\">\n\t\t\t\t<div class=\"elementor-widget-container\">\n\t\t\t\t\t<div class=\"elementor-button-wrapper\">\n\t\t\t<a href=\"https:\/\/graduacao.unijorge.edu.br\/ebooks\/?_gl=1*hlejv*_gcl_au*MTgwNjc1MzcxOC4xNzU5ODY3MjIx\" class=\"elementor-button-link elementor-button elementor-size-md\" role=\"button\">\n\t\t\t\t\t\t<span class=\"elementor-button-content-wrapper\">\n\t\t\t\t\t\t<span class=\"elementor-button-icon elementor-align-icon-right\">\n\t\t\t\t<i aria-hidden=\"true\" class=\"fas fa-angle-right\"><\/i>\t\t\t<\/span>\n\t\t\t\t\t\t<span class=\"elementor-button-text\">DOWNLOAD AQUI<\/span>\n\t\t<\/span>\n\t\t\t\t\t<\/a>\n\t\t<\/div>\n\t\t\t\t<\/div>\n\t\t\t\t<\/div>\n\t\t\t\t<div class=\"elementor-element elementor-element-44a6c60 elementor-widget elementor-widget-spacer\" data-id=\"44a6c60\" data-element_type=\"widget\" data-widget_type=\"spacer.default\">\n\t\t\t\t<div class=\"elementor-widget-container\">\n\t\t\t\t\t<div class=\"elementor-spacer\">\n\t\t\t<div class=\"elementor-spacer-inner\"><\/div>\n\t\t<\/div>\n\t\t\t\t<\/div>\n\t\t\t\t<\/div>\n\t\t\t\t\t\t<\/div>\n\t\t\t\t\t<\/div>\n\t\t<\/div>\n\t\t\t\t\t\t\t\t<\/div>\n\t\t\t\t\t<\/div>\n\t\t<\/section>\n\t\t\t\t<section class=\"elementor-section elementor-top-section elementor-element elementor-element-a201870 elementor-section-boxed elementor-section-height-default elementor-section-height-default\" data-id=\"a201870\" data-element_type=\"section\" data-settings=\"{&quot;jet_parallax_layout_list&quot;:[{&quot;jet_parallax_layout_image&quot;:{&quot;url&quot;:&quot;&quot;,&quot;id&quot;:&quot;&quot;},&quot;_id&quot;:&quot;2759bcc&quot;,&quot;jet_parallax_layout_image_tablet&quot;:{&quot;url&quot;:&quot;&quot;,&quot;id&quot;:&quot;&quot;},&quot;jet_parallax_layout_image_mobile&quot;:{&quot;url&quot;:&quot;&quot;,&quot;id&quot;:&quot;&quot;},&quot;jet_parallax_layout_speed&quot;:{&quot;unit&quot;:&quot;%&quot;,&quot;size&quot;:50,&quot;sizes&quot;:[]},&quot;jet_parallax_layout_type&quot;:&quot;scroll&quot;,&quot;jet_parallax_layout_direction&quot;:null,&quot;jet_parallax_layout_fx_direction&quot;:null,&quot;jet_parallax_layout_z_index&quot;:&quot;&quot;,&quot;jet_parallax_layout_bg_x&quot;:50,&quot;jet_parallax_layout_bg_x_tablet&quot;:&quot;&quot;,&quot;jet_parallax_layout_bg_x_mobile&quot;:&quot;&quot;,&quot;jet_parallax_layout_bg_y&quot;:50,&quot;jet_parallax_layout_bg_y_tablet&quot;:&quot;&quot;,&quot;jet_parallax_layout_bg_y_mobile&quot;:&quot;&quot;,&quot;jet_parallax_layout_bg_size&quot;:&quot;auto&quot;,&quot;jet_parallax_layout_bg_size_tablet&quot;:&quot;&quot;,&quot;jet_parallax_layout_bg_size_mobile&quot;:&quot;&quot;,&quot;jet_parallax_layout_animation_prop&quot;:&quot;transform&quot;,&quot;jet_parallax_layout_on&quot;:[&quot;desktop&quot;,&quot;tablet&quot;]}],&quot;background_background&quot;:&quot;classic&quot;,&quot;_ha_eqh_enable&quot;:false}\">\n\t\t\t\t\t\t<div class=\"elementor-container elementor-column-gap-default\">\n\t\t\t\t\t\t\t<div class=\"elementor-row\">\n\t\t\t\t\t<div class=\"elementor-column elementor-col-100 elementor-top-column elementor-element elementor-element-d5ea26a\" data-id=\"d5ea26a\" data-element_type=\"column\">\n\t\t\t<div class=\"elementor-column-wrap elementor-element-populated\">\n\t\t\t\t\t\t\t<div class=\"elementor-widget-wrap\">\n\t\t\t\t\t\t<div class=\"elementor-element elementor-element-79d0091 elementor-widget elementor-widget-spacer\" data-id=\"79d0091\" data-element_type=\"widget\" data-widget_type=\"spacer.default\">\n\t\t\t\t<div class=\"elementor-widget-container\">\n\t\t\t\t\t<div class=\"elementor-spacer\">\n\t\t\t<div class=\"elementor-spacer-inner\"><\/div>\n\t\t<\/div>\n\t\t\t\t<\/div>\n\t\t\t\t<\/div>\n\t\t\t\t\t\t<\/div>\n\t\t\t\t\t<\/div>\n\t\t<\/div>\n\t\t\t\t\t\t\t\t<\/div>\n\t\t\t\t\t<\/div>\n\t\t<\/section>\n\t\t\t\t\t\t<\/div>\n\t\t\t\t\t\t<\/div>\n\t\t\t\t\t<\/div>\n\t\t","protected":false},"excerpt":{"rendered":"<p>MISS\u00c3O ENEM A UJ faz de tudo para ajudar voc\u00ea a tirar a melhor nota no ENEM. Acesse abaixo. MISS\u00c3O ENEM INSCREVA-SE simulado gratuito online ACESSE AQUI CRONOGRAMA DE ESTUDOS DOWNLOAD AQUI<\/p>\n","protected":false},"author":3,"featured_media":0,"parent":0,"menu_order":0,"comment_status":"closed","ping_status":"closed","template":"elementor_header_footer","meta":[],"acf":[],"yoast_head":"<!-- This site is optimized with the Yoast SEO plugin v17.9 - https:\/\/yoast.com\/wordpress\/plugins\/seo\/ -->\n<title>Conhecimento Transforma UJ<\/title>\n<meta name=\"description\" content=\"m meio a pandemia nossos alunos e professores buscaram solu\u00e7\u00f5es para ajudar a comunidade neste momento t\u00e3o cr\u00edtico.Conhe\u00e7a nossos projetos.\" \/>\n<meta name=\"robots\" content=\"index, follow, max-snippet:-1, max-image-preview:large, max-video-preview:-1\" \/>\n<link rel=\"canonical\" href=\"https:\/\/transformauj.com.br\/escolas\/vem-enem\/\" \/>\n<meta property=\"og:locale\" content=\"pt_BR\" \/>\n<meta property=\"og:type\" content=\"article\" \/>\n<meta property=\"og:title\" content=\"Conhecimento Transforma UJ\" \/>\n<meta property=\"og:description\" content=\"m meio a pandemia nossos alunos e professores buscaram solu\u00e7\u00f5es para ajudar a comunidade neste momento t\u00e3o cr\u00edtico.Conhe\u00e7a nossos projetos.\" \/>\n<meta property=\"og:url\" content=\"https:\/\/transformauj.com.br\/escolas\/vem-enem\/\" \/>\n<meta property=\"og:site_name\" content=\"High School - Unijorge\" \/>\n<meta property=\"article:modified_time\" content=\"2025-10-23T21:36:50+00:00\" \/>\n<meta property=\"og:image\" content=\"https:\/\/transformauj.com.br\/escolas\/wp-content\/uploads\/2025\/10\/ZV_558605_Missao_ENEM_8a_Ed_2025_CineAulao_MIDIA_1080x1080px.jpg\" \/>\n<meta name=\"twitter:card\" content=\"summary_large_image\" \/>\n<meta name=\"twitter:label1\" content=\"Est. tempo de leitura\" \/>\n\t<meta name=\"twitter:data1\" content=\"1 minuto\" \/>\n<script type=\"application\/ld+json\" class=\"yoast-schema-graph\">{\"@context\":\"https:\/\/schema.org\",\"@graph\":[{\"@type\":\"WebSite\",\"@id\":\"https:\/\/transformauj.com.br\/escolas\/#website\",\"url\":\"https:\/\/transformauj.com.br\/escolas\/\",\"name\":\"High School - Unijorge\",\"description\":\"Unijorge\",\"potentialAction\":[{\"@type\":\"SearchAction\",\"target\":{\"@type\":\"EntryPoint\",\"urlTemplate\":\"https:\/\/transformauj.com.br\/escolas\/?s={search_term_string}\"},\"query-input\":\"required name=search_term_string\"}],\"inLanguage\":\"pt-BR\"},{\"@type\":\"ImageObject\",\"@id\":\"https:\/\/transformauj.com.br\/escolas\/vem-enem\/#primaryimage\",\"inLanguage\":\"pt-BR\",\"url\":\"https:\/\/transformauj.com.br\/escolas\/wp-content\/uploads\/2025\/10\/ZV_558605_Missao_ENEM_8a_Ed_2025_CineAulao_MIDIA_1080x1080px.jpg\",\"contentUrl\":\"https:\/\/transformauj.com.br\/escolas\/wp-content\/uploads\/2025\/10\/ZV_558605_Missao_ENEM_8a_Ed_2025_CineAulao_MIDIA_1080x1080px.jpg\",\"width\":800,\"height\":800},{\"@type\":\"WebPage\",\"@id\":\"https:\/\/transformauj.com.br\/escolas\/vem-enem\/#webpage\",\"url\":\"https:\/\/transformauj.com.br\/escolas\/vem-enem\/\",\"name\":\"Conhecimento Transforma UJ\",\"isPartOf\":{\"@id\":\"https:\/\/transformauj.com.br\/escolas\/#website\"},\"primaryImageOfPage\":{\"@id\":\"https:\/\/transformauj.com.br\/escolas\/vem-enem\/#primaryimage\"},\"datePublished\":\"2020-11-05T20:48:20+00:00\",\"dateModified\":\"2025-10-23T21:36:50+00:00\",\"description\":\"m meio a pandemia nossos alunos e professores buscaram solu\\u00e7\\u00f5es para ajudar a comunidade neste momento t\\u00e3o cr\\u00edtico.Conhe\\u00e7a nossos projetos.\",\"breadcrumb\":{\"@id\":\"https:\/\/transformauj.com.br\/escolas\/vem-enem\/#breadcrumb\"},\"inLanguage\":\"pt-BR\",\"potentialAction\":[{\"@type\":\"ReadAction\",\"target\":[\"https:\/\/transformauj.com.br\/escolas\/vem-enem\/\"]}]},{\"@type\":\"BreadcrumbList\",\"@id\":\"https:\/\/transformauj.com.br\/escolas\/vem-enem\/#breadcrumb\",\"itemListElement\":[{\"@type\":\"ListItem\",\"position\":1,\"name\":\"In\\u00edcio\",\"item\":\"https:\/\/transformauj.com.br\/escolas\/\"},{\"@type\":\"ListItem\",\"position\":2,\"name\":\"Vem ENEM\"}]}]}<\/script>\n<!-- \/ Yoast SEO plugin. -->","yoast_head_json":{"title":"Conhecimento Transforma UJ","description":"m meio a pandemia nossos alunos e professores buscaram solu\u00e7\u00f5es para ajudar a comunidade neste momento t\u00e3o cr\u00edtico.Conhe\u00e7a nossos projetos.","robots":{"index":"index","follow":"follow","max-snippet":"max-snippet:-1","max-image-preview":"max-image-preview:large","max-video-preview":"max-video-preview:-1"},"canonical":"https:\/\/transformauj.com.br\/escolas\/vem-enem\/","og_locale":"pt_BR","og_type":"article","og_title":"Conhecimento Transforma UJ","og_description":"m meio a pandemia nossos alunos e professores buscaram solu\u00e7\u00f5es para ajudar a comunidade neste momento t\u00e3o cr\u00edtico.Conhe\u00e7a nossos projetos.","og_url":"https:\/\/transformauj.com.br\/escolas\/vem-enem\/","og_site_name":"High School - Unijorge","article_modified_time":"2025-10-23T21:36:50+00:00","og_image":[{"url":"https:\/\/transformauj.com.br\/escolas\/wp-content\/uploads\/2025\/10\/ZV_558605_Missao_ENEM_8a_Ed_2025_CineAulao_MIDIA_1080x1080px.jpg"}],"twitter_card":"summary_large_image","twitter_misc":{"Est. tempo de leitura":"1 minuto"},"schema":{"@context":"https:\/\/schema.org","@graph":[{"@type":"WebSite","@id":"https:\/\/transformauj.com.br\/escolas\/#website","url":"https:\/\/transformauj.com.br\/escolas\/","name":"High School - Unijorge","description":"Unijorge","potentialAction":[{"@type":"SearchAction","target":{"@type":"EntryPoint","urlTemplate":"https:\/\/transformauj.com.br\/escolas\/?s={search_term_string}"},"query-input":"required name=search_term_string"}],"inLanguage":"pt-BR"},{"@type":"ImageObject","@id":"https:\/\/transformauj.com.br\/escolas\/vem-enem\/#primaryimage","inLanguage":"pt-BR","url":"https:\/\/transformauj.com.br\/escolas\/wp-content\/uploads\/2025\/10\/ZV_558605_Missao_ENEM_8a_Ed_2025_CineAulao_MIDIA_1080x1080px.jpg","contentUrl":"https:\/\/transformauj.com.br\/escolas\/wp-content\/uploads\/2025\/10\/ZV_558605_Missao_ENEM_8a_Ed_2025_CineAulao_MIDIA_1080x1080px.jpg","width":800,"height":800},{"@type":"WebPage","@id":"https:\/\/transformauj.com.br\/escolas\/vem-enem\/#webpage","url":"https:\/\/transformauj.com.br\/escolas\/vem-enem\/","name":"Conhecimento Transforma UJ","isPartOf":{"@id":"https:\/\/transformauj.com.br\/escolas\/#website"},"primaryImageOfPage":{"@id":"https:\/\/transformauj.com.br\/escolas\/vem-enem\/#primaryimage"},"datePublished":"2020-11-05T20:48:20+00:00","dateModified":"2025-10-23T21:36:50+00:00","description":"m meio a pandemia nossos alunos e professores buscaram solu\u00e7\u00f5es para ajudar a comunidade neste momento t\u00e3o cr\u00edtico.Conhe\u00e7a nossos projetos.","breadcrumb":{"@id":"https:\/\/transformauj.com.br\/escolas\/vem-enem\/#breadcrumb"},"inLanguage":"pt-BR","potentialAction":[{"@type":"ReadAction","target":["https:\/\/transformauj.com.br\/escolas\/vem-enem\/"]}]},{"@type":"BreadcrumbList","@id":"https:\/\/transformauj.com.br\/escolas\/vem-enem\/#breadcrumb","itemListElement":[{"@type":"ListItem","position":1,"name":"In\u00edcio","item":"https:\/\/transformauj.com.br\/escolas\/"},{"@type":"ListItem","position":2,"name":"Vem ENEM"}]}]}},"_links":{"self":[{"href":"https:\/\/transformauj.com.br\/escolas\/wp-json\/wp\/v2\/pages\/1196"}],"collection":[{"href":"https:\/\/transformauj.com.br\/escolas\/wp-json\/wp\/v2\/pages"}],"about":[{"href":"https:\/\/transformauj.com.br\/escolas\/wp-json\/wp\/v2\/types\/page"}],"author":[{"embeddable":true,"href":"https:\/\/transformauj.com.br\/escolas\/wp-json\/wp\/v2\/users\/3"}],"replies":[{"embeddable":true,"href":"https:\/\/transformauj.com.br\/escolas\/wp-json\/wp\/v2\/comments?post=1196"}],"version-history":[{"count":87,"href":"https:\/\/transformauj.com.br\/escolas\/wp-json\/wp\/v2\/pages\/1196\/revisions"}],"predecessor-version":[{"id":2780,"href":"https:\/\/transformauj.com.br\/escolas\/wp-json\/wp\/v2\/pages\/1196\/revisions\/2780"}],"wp:attachment":[{"href":"https:\/\/transformauj.com.br\/escolas\/wp-json\/wp\/v2\/media?parent=1196"}],"curies":[{"name":"wp","href":"https:\/\/api.w.org\/{rel}","templated":true}]}}